{"id":84,"date":"2025-04-13T11:02:34","date_gmt":"2025-04-13T09:02:34","guid":{"rendered":"https:\/\/www.ddw-diamantwerkzeuge.de\/?page_id=84"},"modified":"2025-04-13T11:09:32","modified_gmt":"2025-04-13T09:09:32","slug":"fliesen","status":"publish","type":"page","link":"https:\/\/www.ddw-diamantwerkzeuge.de\/?page_id=84","title":{"rendered":"Fliesen"},"content":{"rendered":"\n<p><strong>Fliese Turbo<\/strong><\/p>\n\n\n\n<p>f\u00fcr alle glasierten Fliesen und Granit<\/p>\n\n\n\n<p>so gut wie keine Ausbr\u00fcche<\/p>\n\n\n\n<p>schneller und sauberer Schnitt<\/p>\n\n\n\n<p>in allen g\u00e4ngigen drm lieferbar<\/p>\n\n\n\n<figure class=\"wp-block-image aligncenter size-full is-resized\"><img loading=\"lazy\" decoding=\"async\" width=\"900\" height=\"900\" src=\"https:\/\/www.ddw-diamantwerkzeuge.de\/wp-content\/uploads\/2025\/04\/11126.jpg\" alt=\"\" class=\"wp-image-88\" style=\"width:273px;height:auto\" srcset=\"https:\/\/www.ddw-diamantwerkzeuge.de\/wp-content\/uploads\/2025\/04\/11126.jpg 900w, https:\/\/www.ddw-diamantwerkzeuge.de\/wp-content\/uploads\/2025\/04\/11126-300x300.jpg 300w, https:\/\/www.ddw-diamantwerkzeuge.de\/wp-content\/uploads\/2025\/04\/11126-150x150.jpg 150w, https:\/\/www.ddw-diamantwerkzeuge.de\/wp-content\/uploads\/2025\/04\/11126-768x768.jpg 768w\" sizes=\"auto, (max-width: 900px) 100vw, 900px\" \/><\/figure>\n","protected":false},"excerpt":{"rendered":"<p>Fliese Turbo f\u00fcr alle glasierten Fliesen und Granit so gut wie keine Ausbr\u00fcche schneller und sauberer Schnitt in allen g\u00e4ngigen [&hellip;]<\/p>\n","protected":false},"author":1,"featured_media":0,"parent":0,"menu_order":0,"comment_status":"closed","ping_status":"closed","template":"","meta":{"site-sidebar-layout":"default","site-content-layout":"","ast-site-content-layout":"default","site-content-style":"default","site-sidebar-style":"default","ast-global-header-display":"","ast-banner-title-visibility":"","ast-main-header-display":"","ast-hfb-above-header-display":"","ast-hfb-below-header-display":"","ast-hfb-mobile-header-display":"","site-post-title":"","ast-breadcrumbs-content":"","ast-featured-img":"","footer-sml-layout":"","ast-disable-related-posts":"","theme-transparent-header-meta":"","adv-header-id-meta":"","stick-header-meta":"","header-above-stick-meta":"","header-main-stick-meta":"","header-below-stick-meta":"","astra-migrate-meta-layouts":"default","ast-page-background-enabled":"default","ast-page-background-meta":{"desktop":{"background-color":"var(--ast-global-color-5)","background-image":"","background-repeat":"repeat","background-position":"center center","background-size":"auto","background-attachment":"scroll","background-type":"","background-media":"","overlay-type":"","overlay-color":"","overlay-opacity":"","overlay-gradient":""},"tablet":{"background-color":"","background-image":"","background-repeat":"repeat","background-position":"center center","background-size":"auto","background-attachment":"scroll","background-type":"","background-media":"","overlay-type":"","overlay-color":"","overlay-opacity":"","overlay-gradient":""},"mobile":{"background-color":"","background-image":"","background-repeat":"repeat","background-position":"center center","background-size":"auto","background-attachment":"scroll","background-type":"","background-media":"","overlay-type":"","overlay-color":"","overlay-opacity":"","overlay-gradient":""}},"ast-content-background-meta":{"desktop":{"background-color":"var(--ast-global-color-4)","background-image":"","background-repeat":"repeat","background-position":"center center","background-size":"auto","background-attachment":"scroll","background-type":"","background-media":"","overlay-type":"","overlay-color":"","overlay-opacity":"","overlay-gradient":""},"tablet":{"background-color":"var(--ast-global-color-4)","background-image":"","background-repeat":"repeat","background-position":"center center","background-size":"auto","background-attachment":"scroll","background-type":"","background-media":"","overlay-type":"","overlay-color":"","overlay-opacity":"","overlay-gradient":""},"mobile":{"background-color":"var(--ast-global-color-4)","background-image":"","background-repeat":"repeat","background-position":"center center","background-size":"auto","background-attachment":"scroll","background-type":"","background-media":"","overlay-type":"","overlay-color":"","overlay-opacity":"","overlay-gradient":""}},"footnotes":""},"class_list":["post-84","page","type-page","status-publish","hentry"],"_links":{"self":[{"href":"https:\/\/www.ddw-diamantwerkzeuge.de\/index.php?rest_route=\/wp\/v2\/pages\/84","targetHints":{"allow":["GET"]}}],"collection":[{"href":"https:\/\/www.ddw-diamantwerkzeuge.de\/index.php?rest_route=\/wp\/v2\/pages"}],"about":[{"href":"https:\/\/www.ddw-diamantwerkzeuge.de\/index.php?rest_route=\/wp\/v2\/types\/page"}],"author":[{"embeddable":true,"href":"https:\/\/www.ddw-diamantwerkzeuge.de\/index.php?rest_route=\/wp\/v2\/users\/1"}],"replies":[{"embeddable":true,"href":"https:\/\/www.ddw-diamantwerkzeuge.de\/index.php?rest_route=%2Fwp%2Fv2%2Fcomments&post=84"}],"version-history":[{"count":4,"href":"https:\/\/www.ddw-diamantwerkzeuge.de\/index.php?rest_route=\/wp\/v2\/pages\/84\/revisions"}],"predecessor-version":[{"id":90,"href":"https:\/\/www.ddw-diamantwerkzeuge.de\/index.php?rest_route=\/wp\/v2\/pages\/84\/revisions\/90"}],"wp:attachment":[{"href":"https:\/\/www.ddw-diamantwerkzeuge.de\/index.php?rest_route=%2Fwp%2Fv2%2Fmedia&parent=84"}],"curies":[{"name":"wp","href":"https:\/\/api.w.org\/{rel}","templated":true}]}}