{"id":67,"date":"2025-04-13T01:12:02","date_gmt":"2025-04-12T23:12:02","guid":{"rendered":"https:\/\/www.ddw-diamantwerkzeuge.de\/?page_id=67"},"modified":"2025-04-13T01:16:44","modified_gmt":"2025-04-12T23:16:44","slug":"titan-turbo-ultra-3","status":"publish","type":"page","link":"https:\/\/www.ddw-diamantwerkzeuge.de\/?page_id=67","title":{"rendered":"Titan Turbo Ultra+"},"content":{"rendered":"\n<p>12mm Hochleistungssegment<\/p>\n\n\n\n<p>f\u00fcr alle Betonartikel und Stahlbeton<\/p>\n\n\n\n<p>sehr hohe Standzeit, sehr schneller Schnitt<\/p>\n\n\n\n<p>geeignet f\u00fcr Stra-Tief und Gala Bau<\/p>\n\n\n\n<p>&#8230;f\u00fcr Firmen, die auf Preis-Leistung achten<\/p>\n\n\n\n<p>in allen g\u00e4ngigen drm lieferbar<\/p>\n\n\n\n<figure class=\"wp-block-image aligncenter size-full is-resized\"><img loading=\"lazy\" decoding=\"async\" width=\"950\" height=\"950\" src=\"https:\/\/www.ddw-diamantwerkzeuge.de\/wp-content\/uploads\/2025\/04\/11105-Turbo-Titan-Ultra-1-3.jpg\" alt=\"\" class=\"wp-image-68\" style=\"width:337px;height:auto\" srcset=\"https:\/\/www.ddw-diamantwerkzeuge.de\/wp-content\/uploads\/2025\/04\/11105-Turbo-Titan-Ultra-1-3.jpg 950w, https:\/\/www.ddw-diamantwerkzeuge.de\/wp-content\/uploads\/2025\/04\/11105-Turbo-Titan-Ultra-1-3-300x300.jpg 300w, https:\/\/www.ddw-diamantwerkzeuge.de\/wp-content\/uploads\/2025\/04\/11105-Turbo-Titan-Ultra-1-3-150x150.jpg 150w, https:\/\/www.ddw-diamantwerkzeuge.de\/wp-content\/uploads\/2025\/04\/11105-Turbo-Titan-Ultra-1-3-768x768.jpg 768w\" sizes=\"auto, (max-width: 950px) 100vw, 950px\" \/><\/figure>\n\n\n\n<p><\/p>\n","protected":false},"excerpt":{"rendered":"<p>12mm Hochleistungssegment f\u00fcr alle Betonartikel und Stahlbeton sehr hohe Standzeit, sehr schneller Schnitt geeignet f\u00fcr Stra-Tief und Gala Bau &#8230;f\u00fcr [&hellip;]<\/p>\n","protected":false},"author":1,"featured_media":0,"parent":0,"menu_order":0,"comment_status":"closed","ping_status":"closed","template":"","meta":{"site-sidebar-layout":"default","site-content-layout":"","ast-site-content-layout":"default","site-content-style":"default","site-sidebar-style":"default","ast-global-header-display":"","ast-banner-title-visibility":"","ast-main-header-display":"","ast-hfb-above-header-display":"","ast-hfb-below-header-display":"","ast-hfb-mobile-header-display":"","site-post-title":"","ast-breadcrumbs-content":"","ast-featured-img":"","footer-sml-layout":"","ast-disable-related-posts":"","theme-transparent-header-meta":"","adv-header-id-meta":"","stick-header-meta":"","header-above-stick-meta":"","header-main-stick-meta":"","header-below-stick-meta":"","astra-migrate-meta-layouts":"default","ast-page-background-enabled":"default","ast-page-background-meta":{"desktop":{"background-color":"var(--ast-global-color-5)","background-image":"","background-repeat":"repeat","background-position":"center center","background-size":"auto","background-attachment":"scroll","background-type":"","background-media":"","overlay-type":"","overlay-color":"","overlay-opacity":"","overlay-gradient":""},"tablet":{"background-color":"","background-image":"","background-repeat":"repeat","background-position":"center center","background-size":"auto","background-attachment":"scroll","background-type":"","background-media":"","overlay-type":"","overlay-color":"","overlay-opacity":"","overlay-gradient":""},"mobile":{"background-color":"","background-image":"","background-repeat":"repeat","background-position":"center center","background-size":"auto","background-attachment":"scroll","background-type":"","background-media":"","overlay-type":"","overlay-color":"","overlay-opacity":"","overlay-gradient":""}},"ast-content-background-meta":{"desktop":{"background-color":"var(--ast-global-color-4)","background-image":"","background-repeat":"repeat","background-position":"center center","background-size":"auto","background-attachment":"scroll","background-type":"","background-media":"","overlay-type":"","overlay-color":"","overlay-opacity":"","overlay-gradient":""},"tablet":{"background-color":"var(--ast-global-color-4)","background-image":"","background-repeat":"repeat","background-position":"center center","background-size":"auto","background-attachment":"scroll","background-type":"","background-media":"","overlay-type":"","overlay-color":"","overlay-opacity":"","overlay-gradient":""},"mobile":{"background-color":"var(--ast-global-color-4)","background-image":"","background-repeat":"repeat","background-position":"center center","background-size":"auto","background-attachment":"scroll","background-type":"","background-media":"","overlay-type":"","overlay-color":"","overlay-opacity":"","overlay-gradient":""}},"footnotes":""},"class_list":["post-67","page","type-page","status-publish","hentry"],"_links":{"self":[{"href":"https:\/\/www.ddw-diamantwerkzeuge.de\/index.php?rest_route=\/wp\/v2\/pages\/67","targetHints":{"allow":["GET"]}}],"collection":[{"href":"https:\/\/www.ddw-diamantwerkzeuge.de\/index.php?rest_route=\/wp\/v2\/pages"}],"about":[{"href":"https:\/\/www.ddw-diamantwerkzeuge.de\/index.php?rest_route=\/wp\/v2\/types\/page"}],"author":[{"embeddable":true,"href":"https:\/\/www.ddw-diamantwerkzeuge.de\/index.php?rest_route=\/wp\/v2\/users\/1"}],"replies":[{"embeddable":true,"href":"https:\/\/www.ddw-diamantwerkzeuge.de\/index.php?rest_route=%2Fwp%2Fv2%2Fcomments&post=67"}],"version-history":[{"count":2,"href":"https:\/\/www.ddw-diamantwerkzeuge.de\/index.php?rest_route=\/wp\/v2\/pages\/67\/revisions"}],"predecessor-version":[{"id":71,"href":"https:\/\/www.ddw-diamantwerkzeuge.de\/index.php?rest_route=\/wp\/v2\/pages\/67\/revisions\/71"}],"wp:attachment":[{"href":"https:\/\/www.ddw-diamantwerkzeuge.de\/index.php?rest_route=%2Fwp%2Fv2%2Fmedia&parent=67"}],"curies":[{"name":"wp","href":"https:\/\/api.w.org\/{rel}","templated":true}]}}