{"id":172,"date":"2025-04-15T10:01:00","date_gmt":"2025-04-15T08:01:00","guid":{"rendered":"https:\/\/www.ddw-diamantwerkzeuge.de\/?page_id=172"},"modified":"2025-04-15T10:01:00","modified_gmt":"2025-04-15T08:01:00","slug":"kernbohrungen","status":"publish","type":"page","link":"https:\/\/www.ddw-diamantwerkzeuge.de\/?page_id=172","title":{"rendered":"Kernbohrungen"},"content":{"rendered":"\n<p>Wir bieten f\u00fcr unsere Kunden einen Kernbohrservice bis drm 300mm an.<\/p>\n\n\n\n<p>Sie haben kein eigenes Ger\u00e4t oder keine Kapazit\u00e4ten frei&#8230;?<\/p>\n\n\n\n<p>Rufen Sie uns an (0162-94 61 62 6)&#8230;..wir erledigen das schnell und unkompliziert f\u00fcr Sie.<\/p>\n\n\n\n<figure class=\"wp-block-image aligncenter size-large is-resized\"><img loading=\"lazy\" decoding=\"async\" width=\"768\" height=\"1024\" src=\"https:\/\/www.ddw-diamantwerkzeuge.de\/wp-content\/uploads\/2025\/04\/20200318_124623-1-768x1024.jpg\" alt=\"\" class=\"wp-image-173\" style=\"width:262px;height:auto\" srcset=\"https:\/\/www.ddw-diamantwerkzeuge.de\/wp-content\/uploads\/2025\/04\/20200318_124623-1-768x1024.jpg 768w, https:\/\/www.ddw-diamantwerkzeuge.de\/wp-content\/uploads\/2025\/04\/20200318_124623-1-225x300.jpg 225w, https:\/\/www.ddw-diamantwerkzeuge.de\/wp-content\/uploads\/2025\/04\/20200318_124623-1.jpg 900w\" sizes=\"auto, (max-width: 768px) 100vw, 768px\" \/><\/figure>\n","protected":false},"excerpt":{"rendered":"<p>Wir bieten f\u00fcr unsere Kunden einen Kernbohrservice bis drm 300mm an. Sie haben kein eigenes Ger\u00e4t oder keine Kapazit\u00e4ten frei&#8230;? [&hellip;]<\/p>\n","protected":false},"author":1,"featured_media":0,"parent":0,"menu_order":0,"comment_status":"closed","ping_status":"closed","template":"","meta":{"site-sidebar-layout":"default","site-content-layout":"","ast-site-content-layout":"default","site-content-style":"default","site-sidebar-style":"default","ast-global-header-display":"","ast-banner-title-visibility":"","ast-main-header-display":"","ast-hfb-above-header-display":"","ast-hfb-below-header-display":"","ast-hfb-mobile-header-display":"","site-post-title":"","ast-breadcrumbs-content":"","ast-featured-img":"","footer-sml-layout":"","ast-disable-related-posts":"","theme-transparent-header-meta":"","adv-header-id-meta":"","stick-header-meta":"","header-above-stick-meta":"","header-main-stick-meta":"","header-below-stick-meta":"","astra-migrate-meta-layouts":"default","ast-page-background-enabled":"default","ast-page-background-meta":{"desktop":{"background-color":"var(--ast-global-color-5)","background-image":"","background-repeat":"repeat","background-position":"center center","background-size":"auto","background-attachment":"scroll","background-type":"","background-media":"","overlay-type":"","overlay-color":"","overlay-opacity":"","overlay-gradient":""},"tablet":{"background-color":"","background-image":"","background-repeat":"repeat","background-position":"center center","background-size":"auto","background-attachment":"scroll","background-type":"","background-media":"","overlay-type":"","overlay-color":"","overlay-opacity":"","overlay-gradient":""},"mobile":{"background-color":"","background-image":"","background-repeat":"repeat","background-position":"center center","background-size":"auto","background-attachment":"scroll","background-type":"","background-media":"","overlay-type":"","overlay-color":"","overlay-opacity":"","overlay-gradient":""}},"ast-content-background-meta":{"desktop":{"background-color":"var(--ast-global-color-4)","background-image":"","background-repeat":"repeat","background-position":"center center","background-size":"auto","background-attachment":"scroll","background-type":"","background-media":"","overlay-type":"","overlay-color":"","overlay-opacity":"","overlay-gradient":""},"tablet":{"background-color":"var(--ast-global-color-4)","background-image":"","background-repeat":"repeat","background-position":"center center","background-size":"auto","background-attachment":"scroll","background-type":"","background-media":"","overlay-type":"","overlay-color":"","overlay-opacity":"","overlay-gradient":""},"mobile":{"background-color":"var(--ast-global-color-4)","background-image":"","background-repeat":"repeat","background-position":"center center","background-size":"auto","background-attachment":"scroll","background-type":"","background-media":"","overlay-type":"","overlay-color":"","overlay-opacity":"","overlay-gradient":""}},"footnotes":""},"class_list":["post-172","page","type-page","status-publish","hentry"],"_links":{"self":[{"href":"https:\/\/www.ddw-diamantwerkzeuge.de\/index.php?rest_route=\/wp\/v2\/pages\/172","targetHints":{"allow":["GET"]}}],"collection":[{"href":"https:\/\/www.ddw-diamantwerkzeuge.de\/index.php?rest_route=\/wp\/v2\/pages"}],"about":[{"href":"https:\/\/www.ddw-diamantwerkzeuge.de\/index.php?rest_route=\/wp\/v2\/types\/page"}],"author":[{"embeddable":true,"href":"https:\/\/www.ddw-diamantwerkzeuge.de\/index.php?rest_route=\/wp\/v2\/users\/1"}],"replies":[{"embeddable":true,"href":"https:\/\/www.ddw-diamantwerkzeuge.de\/index.php?rest_route=%2Fwp%2Fv2%2Fcomments&post=172"}],"version-history":[{"count":1,"href":"https:\/\/www.ddw-diamantwerkzeuge.de\/index.php?rest_route=\/wp\/v2\/pages\/172\/revisions"}],"predecessor-version":[{"id":174,"href":"https:\/\/www.ddw-diamantwerkzeuge.de\/index.php?rest_route=\/wp\/v2\/pages\/172\/revisions\/174"}],"wp:attachment":[{"href":"https:\/\/www.ddw-diamantwerkzeuge.de\/index.php?rest_route=%2Fwp%2Fv2%2Fmedia&parent=172"}],"curies":[{"name":"wp","href":"https:\/\/api.w.org\/{rel}","templated":true}]}}