{"id":154,"date":"2025-04-14T15:30:56","date_gmt":"2025-04-14T13:30:56","guid":{"rendered":"https:\/\/www.ddw-diamantwerkzeuge.de\/?page_id=154"},"modified":"2025-04-14T15:33:15","modified_gmt":"2025-04-14T13:33:15","slug":"titan-turbo-ultra-dt","status":"publish","type":"page","link":"https:\/\/www.ddw-diamantwerkzeuge.de\/?page_id=154","title":{"rendered":"Titan Turbo Ultra+ DT"},"content":{"rendered":"\n<p>12 mm Segmenth\u00f6he<\/p>\n\n\n\n<p>genau wie Titan Turbo Ultra+, nur mit Detenso Kern.<\/p>\n\n\n\n<p>Kaum Ger\u00e4uschentwicklung im Leerlauf.<\/p>\n\n\n\n<p>Sehr gut geeignet f\u00fcr S\u00e4getischarbeiten<\/p>\n\n\n\n<p>in drm 300-400mm lieferbar<\/p>\n\n\n\n<figure class=\"wp-block-image aligncenter size-full is-resized\"><img loading=\"lazy\" decoding=\"async\" width=\"900\" height=\"907\" src=\"https:\/\/www.ddw-diamantwerkzeuge.de\/wp-content\/uploads\/2025\/04\/11120-Turbo-Titan-Ulta-DT-3.jpg\" alt=\"\" class=\"wp-image-155\" style=\"width:329px;height:auto\" srcset=\"https:\/\/www.ddw-diamantwerkzeuge.de\/wp-content\/uploads\/2025\/04\/11120-Turbo-Titan-Ulta-DT-3.jpg 900w, https:\/\/www.ddw-diamantwerkzeuge.de\/wp-content\/uploads\/2025\/04\/11120-Turbo-Titan-Ulta-DT-3-298x300.jpg 298w, https:\/\/www.ddw-diamantwerkzeuge.de\/wp-content\/uploads\/2025\/04\/11120-Turbo-Titan-Ulta-DT-3-150x150.jpg 150w, https:\/\/www.ddw-diamantwerkzeuge.de\/wp-content\/uploads\/2025\/04\/11120-Turbo-Titan-Ulta-DT-3-768x774.jpg 768w\" sizes=\"auto, (max-width: 900px) 100vw, 900px\" \/><\/figure>\n","protected":false},"excerpt":{"rendered":"<p>12 mm Segmenth\u00f6he genau wie Titan Turbo Ultra+, nur mit Detenso Kern. Kaum Ger\u00e4uschentwicklung im Leerlauf. Sehr gut geeignet f\u00fcr [&hellip;]<\/p>\n","protected":false},"author":1,"featured_media":0,"parent":0,"menu_order":0,"comment_status":"closed","ping_status":"closed","template":"","meta":{"site-sidebar-layout":"default","site-content-layout":"","ast-site-content-layout":"default","site-content-style":"default","site-sidebar-style":"default","ast-global-header-display":"","ast-banner-title-visibility":"","ast-main-header-display":"","ast-hfb-above-header-display":"","ast-hfb-below-header-display":"","ast-hfb-mobile-header-display":"","site-post-title":"","ast-breadcrumbs-content":"","ast-featured-img":"","footer-sml-layout":"","ast-disable-related-posts":"","theme-transparent-header-meta":"","adv-header-id-meta":"","stick-header-meta":"","header-above-stick-meta":"","header-main-stick-meta":"","header-below-stick-meta":"","astra-migrate-meta-layouts":"default","ast-page-background-enabled":"default","ast-page-background-meta":{"desktop":{"background-color":"var(--ast-global-color-5)","background-image":"","background-repeat":"repeat","background-position":"center center","background-size":"auto","background-attachment":"scroll","background-type":"","background-media":"","overlay-type":"","overlay-color":"","overlay-opacity":"","overlay-gradient":""},"tablet":{"background-color":"","background-image":"","background-repeat":"repeat","background-position":"center center","background-size":"auto","background-attachment":"scroll","background-type":"","background-media":"","overlay-type":"","overlay-color":"","overlay-opacity":"","overlay-gradient":""},"mobile":{"background-color":"","background-image":"","background-repeat":"repeat","background-position":"center center","background-size":"auto","background-attachment":"scroll","background-type":"","background-media":"","overlay-type":"","overlay-color":"","overlay-opacity":"","overlay-gradient":""}},"ast-content-background-meta":{"desktop":{"background-color":"var(--ast-global-color-4)","background-image":"","background-repeat":"repeat","background-position":"center center","background-size":"auto","background-attachment":"scroll","background-type":"","background-media":"","overlay-type":"","overlay-color":"","overlay-opacity":"","overlay-gradient":""},"tablet":{"background-color":"var(--ast-global-color-4)","background-image":"","background-repeat":"repeat","background-position":"center center","background-size":"auto","background-attachment":"scroll","background-type":"","background-media":"","overlay-type":"","overlay-color":"","overlay-opacity":"","overlay-gradient":""},"mobile":{"background-color":"var(--ast-global-color-4)","background-image":"","background-repeat":"repeat","background-position":"center center","background-size":"auto","background-attachment":"scroll","background-type":"","background-media":"","overlay-type":"","overlay-color":"","overlay-opacity":"","overlay-gradient":""}},"footnotes":""},"class_list":["post-154","page","type-page","status-publish","hentry"],"_links":{"self":[{"href":"https:\/\/www.ddw-diamantwerkzeuge.de\/index.php?rest_route=\/wp\/v2\/pages\/154","targetHints":{"allow":["GET"]}}],"collection":[{"href":"https:\/\/www.ddw-diamantwerkzeuge.de\/index.php?rest_route=\/wp\/v2\/pages"}],"about":[{"href":"https:\/\/www.ddw-diamantwerkzeuge.de\/index.php?rest_route=\/wp\/v2\/types\/page"}],"author":[{"embeddable":true,"href":"https:\/\/www.ddw-diamantwerkzeuge.de\/index.php?rest_route=\/wp\/v2\/users\/1"}],"replies":[{"embeddable":true,"href":"https:\/\/www.ddw-diamantwerkzeuge.de\/index.php?rest_route=%2Fwp%2Fv2%2Fcomments&post=154"}],"version-history":[{"count":2,"href":"https:\/\/www.ddw-diamantwerkzeuge.de\/index.php?rest_route=\/wp\/v2\/pages\/154\/revisions"}],"predecessor-version":[{"id":159,"href":"https:\/\/www.ddw-diamantwerkzeuge.de\/index.php?rest_route=\/wp\/v2\/pages\/154\/revisions\/159"}],"wp:attachment":[{"href":"https:\/\/www.ddw-diamantwerkzeuge.de\/index.php?rest_route=%2Fwp%2Fv2%2Fmedia&parent=154"}],"curies":[{"name":"wp","href":"https:\/\/api.w.org\/{rel}","templated":true}]}}